{"id":601,"date":"2024-12-12T21:15:11","date_gmt":"2024-12-12T21:15:11","guid":{"rendered":"https:\/\/mirulu.com\/kit-digital\/business-intelligence-i-analitica\/"},"modified":"2024-12-13T23:44:58","modified_gmt":"2024-12-13T23:44:58","slug":"business-intelligence-i-analitica","status":"publish","type":"page","link":"https:\/\/mirulu.com\/ca\/kit-digital\/business-intelligence-i-analitica\/","title":{"rendered":"Business Intelligence i Anal\u00edtica"},"content":{"rendered":"<p>[et_pb_section fb_built=&#8221;1&#8243; module_class=&#8221;kit-digital-secciones&#8221; _builder_version=&#8221;4.27.4&#8243; _module_preset=&#8221;default&#8221; global_colors_info=&#8221;{}&#8221;][et_pb_row column_structure=&#8221;1_3,2_3&#8243; _builder_version=&#8221;4.27.4&#8243; _module_preset=&#8221;default&#8221; global_colors_info=&#8221;{}&#8221;][et_pb_column type=&#8221;1_3&#8243; _builder_version=&#8221;4.27.4&#8243; _module_preset=&#8221;default&#8221; global_colors_info=&#8221;{}&#8221;][et_pb_text _builder_version=&#8221;4.27.4&#8243; _module_preset=&#8221;default&#8221; global_colors_info=&#8221;{}&#8221;]<\/p>\n<div class=\"lc-inline_block_44911477f081d23fb9e9cd29528a04e8-edit block block-layout-builder block-inline-blockbloque-custom-referenciado\">\n<div>\n<div class=\"field field--name-field-contenido field--type-entity-reference-revisions field--label-hidden field__items\">\n<div class=\"field__item\">\n<div class=\"paragraph paragraph--type--bloque-custom-relacionado paragraph--view-mode--default\">\n<div class=\"field field--name-field-bloque-custom-relacionado field--type-entity-reference-revisions field--label-hidden field__item\">\n<div>\n<div class=\"clearfix text-formatted field field--name-body field--type-text-with-summary field--label-hidden field__item\">\n<h2 class=\"custom-solution-amount\">Import de lajuda<\/h2>\n<\/div>\n<\/div>\n<\/div>\n<\/div>\n<\/div>\n<\/div>\n<\/div>\n<\/div>\n<div class=\"lc-inline_block_bdbe42fd58e000dcf475aeaa182adf95-edit block block-layout-builder block-field-blocknodesolution-packagefield-basic-functionality-cost\">\n<div class=\"field field--name-field-basic-functionality-cost field--type-string field--label-above\">\n<div class=\"field__label\">Ajuda m\u00e0xima<\/div>\n<div class=\"field__item\"><strong>8.000 \u20ac<\/strong><\/div>\n<\/div>\n<\/div>\n<p>[\/et_pb_text][\/et_pb_column][et_pb_column type=&#8221;2_3&#8243; _builder_version=&#8221;4.27.4&#8243; _module_preset=&#8221;default&#8221; global_colors_info=&#8221;{}&#8221;][et_pb_text _builder_version=&#8221;4.27.4&#8243; _module_preset=&#8221;default&#8221; global_colors_info=&#8221;{}&#8221;]<\/p>\n<div class=\"lc-inline_column_second-edit layoutcomponent-column col-sm-12 col-md-12 col-lg-8 x-section-full\">\n<div class=\"layout-builder__region js-layout-builder-region lc-inline_column_second-content-edit\" data-region=\"second\">\n<div class=\"lc-inline_subcolumn_type_group_1-edit js-layout-builder-column\">\n<div class=\"lc-inline_column_second-edit layoutcomponent-column col-sm-12 col-md-12 col-lg-8 x-section-full\">\n<div class=\"layout-builder__region js-layout-builder-region lc-inline_column_second-content-edit\" data-region=\"second\">\n<div class=\"lc-inline_subcolumn_type_group_1-edit js-layout-builder-column\">\n<div class=\"lc-inline_block_cd64ad28746f73273d316824a310ac02-edit block block-layout-builder block-field-blocknodesolution-packagefield-subtitle\">\n<div class=\"clearfix text-formatted field field--name-field-subtitle field--type-text-long field--label-hidden field__item\">\n<h1 class=\"block block-layout-builder block-field-blocknodesolution-packagetitle\"><span class=\"field field--name-title field--type-string field--label-hidden\">Business Intelligence i Anal\u00edtica<\/span><\/h1>\n<p>L&#8217;objectiu d&#8217;aquesta categoria \u00e9s possibilitar-te l&#8217;explotaci\u00f3 de dades de la teva empresa per millorar el proc\u00e9s de presa de decisions.<\/p>\n<\/div>\n<\/div>\n<div class=\"lc-inline_block_7cef724adecd853060d694955712d755-edit block block-layout-builder block-field-blocknodesolution-packagebody\">\n<div class=\"clearfix text-formatted field field--name-body field--type-text-with-summary field--label-hidden field__item\">\n<h2 class=\"h2_title_underlined\">Funcionalitats i serveis<\/h2>\n<div>\n<ul>\n<li class=\"paragraph\"><strong>Integraci\u00f3 de dades amb altres bases de dades:<\/strong> tindr\u00e0s acc\u00e9s a altres bases de dades ia la realitzaci\u00f3 de comparacions amb les dades exposades.<\/li>\n<li class=\"paragraph\"><strong>Emmagatzematge de dades:<\/strong> si pertanyeu als segments I, II o III, disposareu d&#8217;una capacitat d&#8217;emmagatzematge com a m\u00ednim d&#8217;1 GB per usuari. Per als segments IV i V, la capacitat demmagatzematge m\u00ednima ser\u00e0 de 5 GB per usuari.<\/li>\n<li class=\"paragraph\"><strong>Creaci\u00f3 de panells de dades estructurats i visuals:<\/strong> comptar\u00e0s amb panells de dades personalitzats amb dades rellevants i diferents formes de visualitzaci\u00f3.<\/li>\n<li class=\"paragraph\"><strong>Exportaci\u00f3 de dades:<\/strong> podr\u00e0s exportar dades a imatges oa documents d&#8217;Excel, creant sinergies i compatibilitats amb diferents programes que utilitzis comunament.<\/li>\n<\/ul>\n<\/div>\n<h2 class=\"h2_title_underlined\">Percentatges d&#8217;execuci\u00f3 associats a les fases<\/h2>\n<div class=\"mb-4\">\n<ul>\n<li class=\"paragraph\">\n<p>Primera: 70%<\/p>\n<\/li>\n<li class=\"paragraph\">\n<p>Segona: 30%<\/p>\n<\/li>\n<\/ul>\n<h2 class=\"h2_title_underlined\">Import m\u00e0xim de lajuda<\/h2>\n<ul>\n<li>0&lt; X&lt; 3 empleats: 1.500\u20ac (inclou 1 usuari)<\/li>\n<li>3 \u2264 X&lt; 10 empleats: 2.000\u20ac (inclou 1 usuari)<\/li>\n<li>10 \u2264 X&lt; 50 empleats: 4.000\u20ac (inclou 3 usuaris)<\/li>\n<li>50* \u2264 X&lt; 100 empleats: 7.000\u20ac (inclou 10 usuaris)<\/li>\n<li>100 \u2264 X&lt; 250 empleats: 8.000\u20ac (inclou 15 usuaris)<\/li>\n<\/ul>\n<p><em>* Al segment IV s&#8217;inclouen les empreses menys de 50 empleats que tinguin consideraci\u00f3 de mitjana empresa en superar el volum de negocis anual i balan\u00e7 general anual de 10 milions d&#8217;euros<\/em><\/p>\n<\/div>\n<\/div>\n<\/div>\n<\/div>\n<\/div>\n<\/div>\n<\/div>\n<\/div>\n<\/div>\n<p>[\/et_pb_text][\/et_pb_column][\/et_pb_row][\/et_pb_section]<\/p>\n","protected":false},"excerpt":{"rendered":"<p>Import de lajuda Ajuda m\u00e0xima 8.000 \u20ac Business Intelligence i Anal\u00edtica L&#8217;objectiu d&#8217;aquesta categoria \u00e9s possibilitar-te l&#8217;explotaci\u00f3 de dades de la teva empresa per millorar el proc\u00e9s de presa de decisions. Funcionalitats i serveis Integraci\u00f3 de dades amb altres bases de dades: tindr\u00e0s acc\u00e9s a altres bases de dades ia la realitzaci\u00f3 de comparacions amb [&hellip;]<\/p>\n","protected":false},"author":2,"featured_media":0,"parent":593,"menu_order":0,"comment_status":"closed","ping_status":"closed","template":"","meta":{"_et_pb_use_builder":"on","_et_pb_old_content":"","_et_gb_content_width":"","footnotes":""},"class_list":["post-601","page","type-page","status-publish","hentry"],"_links":{"self":[{"href":"https:\/\/mirulu.com\/ca\/wp-json\/wp\/v2\/pages\/601","targetHints":{"allow":["GET"]}}],"collection":[{"href":"https:\/\/mirulu.com\/ca\/wp-json\/wp\/v2\/pages"}],"about":[{"href":"https:\/\/mirulu.com\/ca\/wp-json\/wp\/v2\/types\/page"}],"author":[{"embeddable":true,"href":"https:\/\/mirulu.com\/ca\/wp-json\/wp\/v2\/users\/2"}],"replies":[{"embeddable":true,"href":"https:\/\/mirulu.com\/ca\/wp-json\/wp\/v2\/comments?post=601"}],"version-history":[{"count":1,"href":"https:\/\/mirulu.com\/ca\/wp-json\/wp\/v2\/pages\/601\/revisions"}],"predecessor-version":[{"id":604,"href":"https:\/\/mirulu.com\/ca\/wp-json\/wp\/v2\/pages\/601\/revisions\/604"}],"up":[{"embeddable":true,"href":"https:\/\/mirulu.com\/ca\/wp-json\/wp\/v2\/pages\/593"}],"wp:attachment":[{"href":"https:\/\/mirulu.com\/ca\/wp-json\/wp\/v2\/media?parent=601"}],"curies":[{"name":"wp","href":"https:\/\/api.w.org\/{rel}","templated":true}]}}