{"id":589,"date":"2024-12-12T21:31:01","date_gmt":"2024-12-12T21:31:01","guid":{"rendered":"https:\/\/mirulu.com\/gestio-de-la-facturacio-i-factura-electronica\/"},"modified":"2025-05-16T22:27:27","modified_gmt":"2025-05-16T22:27:27","slug":"gestio-de-la-facturacio-i-factura-electronica","status":"publish","type":"page","link":"https:\/\/mirulu.com\/ca\/kit-digital\/gestio-de-la-facturacio-i-factura-electronica\/","title":{"rendered":"Gesti\u00f3 de la facturaci\u00f3 i factura electr\u00f2nica"},"content":{"rendered":"<p>[et_pb_section fb_built=&#8221;1&#8243; module_class=&#8221;kit-digital-secciones&#8221; _builder_version=&#8221;4.27.4&#8243; _module_preset=&#8221;default&#8221; global_colors_info=&#8221;{}&#8221;][et_pb_row column_structure=&#8221;1_3,2_3&#8243; _builder_version=&#8221;4.27.4&#8243; _module_preset=&#8221;default&#8221; global_colors_info=&#8221;{}&#8221;][et_pb_column type=&#8221;1_3&#8243; _builder_version=&#8221;4.27.4&#8243; _module_preset=&#8221;default&#8221; global_colors_info=&#8221;{}&#8221;][et_pb_text _builder_version=&#8221;4.27.4&#8243; _module_preset=&#8221;default&#8221; global_colors_info=&#8221;{}&#8221;]<\/p>\n<div class=\"lc-inline_block_44911477f081d23fb9e9cd29528a04e8-edit block block-layout-builder block-inline-blockbloque-custom-referenciado\">\n<div>\n<div class=\"field field--name-field-contenido field--type-entity-reference-revisions field--label-hidden field__items\">\n<div class=\"field__item\">\n<div class=\"paragraph paragraph--type--bloque-custom-relacionado paragraph--view-mode--default\">\n<div class=\"field field--name-field-bloque-custom-relacionado field--type-entity-reference-revisions field--label-hidden field__item\">\n<div>\n<div class=\"clearfix text-formatted field field--name-body field--type-text-with-summary field--label-hidden field__item\">\n<h2 class=\"custom-solution-amount\">Import de lajuda<\/h2>\n<\/div>\n<\/div>\n<\/div>\n<\/div>\n<\/div>\n<\/div>\n<\/div>\n<\/div>\n<div class=\"lc-inline_block_bdbe42fd58e000dcf475aeaa182adf95-edit block block-layout-builder block-field-blocknodesolution-packagefield-basic-functionality-cost\">\n<div class=\"field field--name-field-basic-functionality-cost field--type-string field--label-above\">\n<div class=\"field__label\">Ajuda m\u00e0xima<\/div>\n<div class=\"field__item\"><strong>3.000\u20ac<\/strong><\/div>\n<\/div>\n<\/div>\n<p>[\/et_pb_text][\/et_pb_column][et_pb_column type=&#8221;2_3&#8243; _builder_version=&#8221;4.27.4&#8243; _module_preset=&#8221;default&#8221; global_colors_info=&#8221;{}&#8221;][et_pb_text _builder_version=&#8221;4.27.4&#8243; _module_preset=&#8221;default&#8221; hover_enabled=&#8221;0&#8243; global_colors_info=&#8221;{}&#8221; sticky_enabled=&#8221;0&#8243;]<\/p>\n<div class=\"lc-inline_column_second-edit layoutcomponent-column col-sm-12 col-md-12 col-lg-8 x-section-full\">\n<div class=\"layout-builder__region js-layout-builder-region lc-inline_column_second-content-edit\" data-region=\"second\">\n<div class=\"lc-inline_subcolumn_type_group_1-edit js-layout-builder-column\">\n<div class=\"lc-inline_block_cd64ad28746f73273d316824a310ac02-edit block block-layout-builder block-field-blocknodesolution-packagefield-subtitle\">\n<div class=\"clearfix text-formatted field field--name-field-subtitle field--type-text-long field--label-hidden field__item\">\n<h1>Porta el teu negoci al Futur: Facturaci\u00f3 digital + Port\u00e0til incl\u00f2s  <\/h1>\n<p>Vols digitalitzar el teu negoci ia m\u00e9s emportar-te un port\u00e0til? Amb el <strong>Kit Digital<\/strong> , no nom\u00e9s transformes la teva facturaci\u00f3, tamb\u00e9 et pots equiparar amb un port\u00e0til que ser\u00e0 el teu aliat en la gesti\u00f3 di\u00e0ria.<\/p>\n<h4>Per qu\u00e8 escollir la nostra soluci\u00f3 de facturaci\u00f3 digital?<\/h4>\n<ul>\n<li><strong>Automatitza la teva gesti\u00f3<\/strong> : Emet i organitza les teves factures en un clic.<\/li>\n<li><strong>Port\u00e0til incl\u00f2s<\/strong> : Millora la teva productivitat amb tecnologia d&#8217;\u00faltima generaci\u00f3.<\/li>\n<li><strong>100% al n\u00favol<\/strong> : Accedeix a les teves dades des de qualsevol lloc, en qualsevol moment.<\/li>\n<li><strong>Compleix amb la normativa fiscal<\/strong> : Sense preocupacions, tot al dia.<\/li>\n<\/ul>\n<h4>Beneficis exclusius:<\/h4>\n<ul>\n<li><strong>Estalvia temps i redueix errors<\/strong> : Automatitzem els processos que abans et treien hores.<\/li>\n<li><strong>Impulsa el teu negoci<\/strong> : Un port\u00e0til i una soluci\u00f3 digital per optimitzar les teves operacions.<\/li>\n<li><strong>Suport complet<\/strong> : Us guiem en la sol\u00b7licitud i personalitzaci\u00f3 de l&#8217;eina.<\/li>\n<\/ul>\n<h1 class=\"block block-layout-builder block-field-blocknodesolution-packagetitle\"><span class=\"field field--name-title field--type-string field--label-hidden\">Gesti\u00f3 de la facturaci\u00f3 i factura electr\u00f2nica<\/span><\/h1>\n<p>Amb aquesta soluci\u00f3 podr\u00e0s tenir digitalitzat el flux d&#8217;emissi\u00f3 i recepci\u00f3 de les factures dels teus clients i prove\u00efdors, assegurant la digitalitzaci\u00f3 i la securitzaci\u00f3 dels teus processos de negoci.<\/p>\n<\/div>\n<\/div>\n<div class=\"lc-inline_block_7cef724adecd853060d694955712d755-edit block block-layout-builder block-field-blocknodesolution-packagebody\">\n<div class=\"clearfix text-formatted field field--name-body field--type-text-with-summary field--label-hidden field__item\">\n<h2 class=\"h2_title_underlined\">Funcionalitats i serveis<\/h2>\n<div>\n<ul>\n<li class=\"paragraph\"><strong>Factures en format estructurat:<\/strong> tindr\u00e0s la possibilitat d&#8217;emetre factures en formats estructurats, almenys en format FACTURA-E, per facilitar-ne el tractament automatitzat.<\/li>\n<li class=\"paragraph\"><strong>Factures il\u00b7limitades:<\/strong> podr\u00e0s emetre i rebre un nombre il\u00b7limitat de factures.<\/li>\n<li class=\"paragraph\"><strong>Clients il\u00b7limitats:<\/strong> tindr\u00e0s la capacitat d&#8217;enviar factures a un n\u00famero il\u00b7limitat de clients.<\/li>\n<li class=\"paragraph\"><strong>Productes o serveis il\u00b7limitats:<\/strong> podr\u00e0s crear un nombre il\u00b7limitat de productes i\/o serveis facturables dins del cat\u00e0leg.<\/li>\n<li class=\"paragraph\"><strong>Enviament i recepci\u00f3 de factures:<\/strong> la soluci\u00f3 implantada per l&#8217;agent digitalitzador de la vostra elecci\u00f3 us permetr\u00e0 enviar i rebre factures electr\u00f2niques directament, almenys per correu electr\u00f2nic.<\/li>\n<li class=\"paragraph\"><strong>Personalitzaci\u00f3 de factures:<\/strong> les factures seran personalitzables, incloent-hi la selecci\u00f3 del teu logotip.<\/li>\n<li class=\"paragraph\"><strong>C\u00f2pies de seguretat peri\u00f2diques:<\/strong> podr\u00e0s fer c\u00f2pies de seguretat, amb possibilitat de, almenys, una periodicitat di\u00e0ria.<\/li>\n<li class=\"paragraph\"><strong>Emmagatzematge\/Hist\u00f2ric de factures:<\/strong> Si pertanys als segments I, II o III tindr\u00e0s, com a m\u00ednim, 1 GB per a les factures. Per als segments IV i V es proporcionar\u00e0 un emmagatzematge de, com a m\u00ednim, 10 GB.<\/li>\n<li class=\"paragraph\"><strong>Integraci\u00f3 amb altres solucions:<\/strong> la soluci\u00f3 haur\u00e0 de disposar d&#8217;API o Web Services per a la seva integraci\u00f3 amb altres eines, aix\u00ed com permetre la c\u00e0rrega de dades de manera manual.<\/li>\n<li class=\"paragraph\"><strong>Control de venciment de les factures:<\/strong> tindreu un sistema de control del venciment de les factures.<\/li>\n<li class=\"paragraph\"><strong>Generaci\u00f3 d&#8217;un registre de facturaci\u00f3:<\/strong> la soluci\u00f3 us permetr\u00e0 generar un registre de facturaci\u00f3, de forma simult\u00e0nia o immediatament anterior a l&#8217;expedici\u00f3 de cada factura.<\/li>\n<li class=\"paragraph\"><strong>Emissi\u00f3 de factures verificables:<\/strong> la soluci\u00f3 ha d&#8217;habilitar l&#8217;emissi\u00f3 de factures, tant en paper com de forma electr\u00f2nica, que puguin ser verificables amb l&#8217;Ag\u00e8ncia Tribut\u00e0ria per part del comprador.<\/li>\n<li class=\"paragraph\"><strong>Verificaci\u00f3 presencial:<\/strong> la soluci\u00f3 haur\u00e0 de permetre la verificaci\u00f3 presencial del registre de facturaci\u00f3 per part de les autoritats competents.<\/li>\n<li class=\"paragraph\"><strong>Declaraci\u00f3 responsable:<\/strong> la soluci\u00f3 haur\u00e0 de disposar duna declaraci\u00f3 responsable per part del fabricant o desenvolupador acreditant que el programari compleix amb la normativa tribut\u00e0ria vigent.<\/li>\n<li class=\"paragraph\"><strong>Compliment:<\/strong> podr\u00e0s assegurar el compliment de la normativa aplicable, en concret el Reglament pel qual es regulen les obligacions de facturaci\u00f3 del Reial decret 1619\/2012, els requisits de l&#8217;article 29.2.j) de la Llei 58\/2003, de 17 de desembre , General Tribut\u00e0ria i la seva normativa de desenvolupament, aix\u00ed com qualsevol normativa daplicaci\u00f3.<\/li>\n<\/ul>\n<\/div>\n<h2 class=\"h2_title_underlined\">Percentatges d&#8217;execuci\u00f3 associats a les fases<\/h2>\n<div class=\"mb-4\">\n<ul>\n<li class=\"paragraph\">Primera: 70%<\/li>\n<li class=\"paragraph\">Segona: 30%<\/li>\n<\/ul>\n<h2 class=\"h2_title_underlined\">Import m\u00e0xim de lajuda<\/h2>\n<ul>\n<li>0&lt; X&lt; 3 empleats: 1.000\u20ac (inclou 1 usuari)<\/li>\n<li>3 \u2264 X&lt; 10 empleats: 2.000\u20ac (inclou 3 usuaris)<\/li>\n<li>10 \u2264 X&lt; 50 empleats: 2.000\u20ac (inclou 3 usuaris)<\/li>\n<li>50* \u2264 X&lt; 100 empleats: 3.000\u20ac (inclou 6 usuaris)<\/li>\n<li>100 \u2264 X&lt; 250 empleats: 3.000\u20ac (inclou 6 usuaris)<\/li>\n<\/ul>\n<p>&nbsp;<\/p>\n<p><em>* Al segment IV s&#8217;inclouen les empreses menys de 50 empleats que tinguin consideraci\u00f3 de mitjana empresa en superar el volum de negocis anual i balan\u00e7 general anual de 10 milions d&#8217;euros<\/em><\/p>\n<\/div>\n<\/div>\n<\/div>\n<\/div>\n<\/div>\n<\/div>\n<p>[\/et_pb_text][\/et_pb_column][\/et_pb_row][\/et_pb_section]<\/p>\n","protected":false},"excerpt":{"rendered":"<p>Import de lajuda Ajuda m\u00e0xima 3.000\u20ac Porta el teu negoci al Futur: Facturaci\u00f3 digital + Port\u00e0til incl\u00f2s Vols digitalitzar el teu negoci ia m\u00e9s emportar-te un port\u00e0til? Amb el Kit Digital , no nom\u00e9s transformes la teva facturaci\u00f3, tamb\u00e9 et pots equiparar amb un port\u00e0til que ser\u00e0 el teu aliat en la gesti\u00f3 di\u00e0ria. Per [&hellip;]<\/p>\n","protected":false},"author":2,"featured_media":0,"parent":593,"menu_order":0,"comment_status":"open","ping_status":"open","template":"","meta":{"_et_pb_use_builder":"on","_et_pb_old_content":"","_et_gb_content_width":"","footnotes":""},"class_list":["post-589","page","type-page","status-publish","hentry"],"_links":{"self":[{"href":"https:\/\/mirulu.com\/ca\/wp-json\/wp\/v2\/pages\/589","targetHints":{"allow":["GET"]}}],"collection":[{"href":"https:\/\/mirulu.com\/ca\/wp-json\/wp\/v2\/pages"}],"about":[{"href":"https:\/\/mirulu.com\/ca\/wp-json\/wp\/v2\/types\/page"}],"author":[{"embeddable":true,"href":"https:\/\/mirulu.com\/ca\/wp-json\/wp\/v2\/users\/2"}],"replies":[{"embeddable":true,"href":"https:\/\/mirulu.com\/ca\/wp-json\/wp\/v2\/comments?post=589"}],"version-history":[{"count":2,"href":"https:\/\/mirulu.com\/ca\/wp-json\/wp\/v2\/pages\/589\/revisions"}],"predecessor-version":[{"id":828,"href":"https:\/\/mirulu.com\/ca\/wp-json\/wp\/v2\/pages\/589\/revisions\/828"}],"up":[{"embeddable":true,"href":"https:\/\/mirulu.com\/ca\/wp-json\/wp\/v2\/pages\/593"}],"wp:attachment":[{"href":"https:\/\/mirulu.com\/ca\/wp-json\/wp\/v2\/media?parent=589"}],"curies":[{"name":"wp","href":"https:\/\/api.w.org\/{rel}","templated":true}]}}