{"id":585,"date":"2024-12-12T16:23:55","date_gmt":"2024-12-12T16:23:55","guid":{"rendered":"https:\/\/mirulu.com\/lloc-web-i-presencia-basica-a-internet\/"},"modified":"2024-12-13T23:44:57","modified_gmt":"2024-12-13T23:44:57","slug":"lloc-web-i-presencia-basica-a-internet","status":"publish","type":"page","link":"https:\/\/mirulu.com\/ca\/kit-digital\/lloc-web-i-presencia-basica-a-internet\/","title":{"rendered":"Lloc Web i Pres\u00e8ncia b\u00e0sica a Internet"},"content":{"rendered":"<p>[et_pb_section fb_built=&#8221;1&#8243; module_class=&#8221;kit-digital-secciones&#8221; _builder_version=&#8221;4.27.4&#8243; _module_preset=&#8221;default&#8221; global_colors_info=&#8221;{}&#8221;][et_pb_row column_structure=&#8221;1_3,2_3&#8243; _builder_version=&#8221;4.27.4&#8243; _module_preset=&#8221;default&#8221; global_colors_info=&#8221;{}&#8221;][et_pb_column type=&#8221;1_3&#8243; _builder_version=&#8221;4.27.4&#8243; _module_preset=&#8221;default&#8221; global_colors_info=&#8221;{}&#8221;][et_pb_text _builder_version=&#8221;4.27.4&#8243; _module_preset=&#8221;default&#8221; global_colors_info=&#8221;{}&#8221;]<\/p>\n<div class=\"lc-inline_block_44911477f081d23fb9e9cd29528a04e8-edit block block-layout-builder block-inline-blockbloque-custom-referenciado\">\n<div>\n<div class=\"field field--name-field-contenido field--type-entity-reference-revisions field--label-hidden field__items\">\n<div class=\"field__item\">\n<div class=\"paragraph paragraph--type--bloque-custom-relacionado paragraph--view-mode--default\">\n<div class=\"field field--name-field-bloque-custom-relacionado field--type-entity-reference-revisions field--label-hidden field__item\">\n<div>\n<div class=\"clearfix text-formatted field field--name-body field--type-text-with-summary field--label-hidden field__item\">\n<h2 class=\"custom-solution-amount\">Import de lajuda<\/h2>\n<\/div>\n<\/div>\n<\/div>\n<\/div>\n<\/div>\n<\/div>\n<\/div>\n<\/div>\n<div class=\"lc-inline_block_bdbe42fd58e000dcf475aeaa182adf95-edit block block-layout-builder block-field-blocknodesolution-packagefield-basic-functionality-cost\">\n<div class=\"field field--name-field-basic-functionality-cost field--type-string field--label-above\">\n<div class=\"field__label\">Ajuda m\u00e0xima<\/div>\n<div class=\"field__item\"><strong>2.000\u20ac<\/strong><\/div>\n<\/div>\n<\/div>\n<p>[\/et_pb_text][\/et_pb_column][et_pb_column type=&#8221;2_3&#8243; _builder_version=&#8221;4.27.4&#8243; _module_preset=&#8221;default&#8221; global_colors_info=&#8221;{}&#8221;][et_pb_text _builder_version=&#8221;4.27.4&#8243; _module_preset=&#8221;default&#8221; hover_enabled=&#8221;0&#8243; global_colors_info=&#8221;{}&#8221; sticky_enabled=&#8221;0&#8243;]<\/p>\n<h1>Lloc Web i Pres\u00e8ncia b\u00e0sica a Internet<\/h1>\n<p>&nbsp;<\/p>\n<p><main role=\"main\" aria-label=\"Contenido principal.\" data-insuit-uuid=\"91b474b3-1b45-4b16-8e40-86bcf2a0e9ee\"><\/p>\n<p>&nbsp;<\/p>\n<div class=\"content__wrapper\">\n<div class=\"region region-content\">\n<div id=\"block-acelerapyme-content\" class=\"lc-main-content block block-system block-system-main-block\">\n<article class=\"node node--type-solution-package node--view-mode-full\" role=\"article\" data-history-node-id=\"212\" aria-labelledby=\"i4t-id-qz845t27y\" data-insuit-uuid=\"7e780e41-c331-44c8-9071-13e2dbfb1c44\">\n<div class=\"node__content\">\n<div class=\"lc-section lc-section-476 layoutcomponents-two-column x-section pb-5 lc-inline_section-edit container-xl\">\n<div class=\"lc-inline_container-section-edit\">\n<div class=\"row lc-container-cols lc-inline_row-edit\">\n<div class=\"lc-inline_column_second-edit layoutcomponent-column col-sm-12 col-md-12 col-lg-8 x-section-full\">\n<div class=\"layout-builder__region js-layout-builder-region lc-inline_column_second-content-edit\" data-region=\"second\">\n<div class=\"lc-inline_subcolumn_type_group_1-edit js-layout-builder-column\">\n<div class=\"lc-inline_block_cd64ad28746f73273d316824a310ac02-edit block block-layout-builder block-field-blocknodesolution-packagefield-subtitle\">\n<div class=\"clearfix text-formatted field field--name-field-subtitle field--type-text-long field--label-hidden field__item\">\n<p>L&#8217;objectiu principal d&#8217;aquesta categoria \u00e9s que puguis tenir una p\u00e0gina web per donar-te visibilitat a internet.<\/p>\n<\/div>\n<\/div>\n<div class=\"lc-inline_block_7cef724adecd853060d694955712d755-edit block block-layout-builder block-field-blocknodesolution-packagebody\">\n<div class=\"clearfix text-formatted field field--name-body field--type-text-with-summary field--label-hidden field__item\">\n<h2 class=\"h2_title_underlined\">Funcionalitats i serveis<\/h2>\n<div>\n<ul>\n<li class=\"paragraph\"><strong>Domini:<\/strong> en cas que encara no disposeu d&#8217;un domini de la vostra web, se&#8217;n donar\u00e0 un durant un termini m\u00ednim de dotze mesos. La titularitat del domini ser\u00e0 teva del tot.<\/li>\n<li class=\"paragraph\"><strong>Hosting:<\/strong> tamb\u00e9 tindreu a la vostra disposici\u00f3 l&#8217;allotjament de la p\u00e0gina web durant un termini m\u00ednim de dotze mesos.<\/li>\n<li class=\"paragraph\"><strong>Disseny de la p\u00e0gina web:<\/strong> com a part del servei tindr\u00e0s lestructura de la web, amb un m\u00ednim de 3 apartats. Es consideren p\u00e0gines o apartats d&#8217;una web, elements com ara: p\u00e0gina d&#8217;inici (Landing Page), presentaci\u00f3 de l&#8217;empresa, formulari de contacte, descripci\u00f3 de productes, dades de contacte, mapa del lloc (sitemap), etc.<\/li>\n<li class=\"paragraph\"><strong>Web responsive:<\/strong> la teva web s&#8217;adaptar\u00e0 perfectament a qualsevol tipus de dispositiu.<\/li>\n<li class=\"paragraph\"><strong>Accessibilitat:<\/strong> el disseny de la teva web complir\u00e0 els criteris de conformitat de nivell AA de les Pautes WCAG-2.1.<\/li>\n<li class=\"paragraph\"><strong>Posicionament b\u00e0sic a internet:<\/strong> la informaci\u00f3 de la teva pime ser\u00e0 indexable pels principals motors de cerca (On-Page).<\/li>\n<li class=\"paragraph\"><strong>Autogestionable:<\/strong> tamb\u00e9 disposar\u00e0s d&#8217;una plataforma de gesti\u00f3 de continguts perqu\u00e8 puguis modificar els continguts de la teva web sense necessitat d&#8217;ajuda.<\/li>\n<li><strong>Optimitzaci\u00f3 de la pres\u00e8ncia a cercadors (SEO b\u00e0sic):<\/strong> An\u00e0lisi de paraules clau, SEO On-Page de 2 p\u00e0gines o apartats, indexaci\u00f3 i jerarquitzaci\u00f3 del contingut.<\/li>\n<li><strong>Multidioma:<\/strong> se us donar\u00e0 l&#8217;opci\u00f3 de tenir la vostra web preparada per al multidioma i tradu\u00efda a un idioma, a m\u00e9s del castell\u00e0.<\/li>\n<\/ul>\n<p>&nbsp;<\/p>\n<\/div>\n<h2 class=\"h2_title_underlined\">Percentatges d&#8217;execuci\u00f3 associats a les fases<\/h2>\n<div>\n<ul>\n<li class=\"paragraph\">Primera: 70%<\/li>\n<li class=\"paragraph\">Segona: 30%<\/li>\n<\/ul>\n<h2 class=\"h2_title_underlined\">Import m\u00e0xim de lajuda<\/h2>\n<div>\n<ul>\n<li>0&lt; 3 empleats: 2.000\u20ac<\/li>\n<li>3&lt; 9 empleats: 2.000\u20ac<\/li>\n<li>10&lt; 50 empleats: 2.000\u20ac<\/li>\n<\/ul>\n<\/div>\n<\/div>\n<\/div>\n<\/div>\n<\/div>\n<\/div>\n<\/div>\n<\/div>\n<\/div>\n<\/div>\n<\/div>\n<\/article>\n<\/div>\n<\/div>\n<\/div>\n<p>&nbsp;<\/p>\n<p>&nbsp;<\/p>\n<p><\/main><\/p>\n<p>&nbsp;<\/p>\n<p>[\/et_pb_text][\/et_pb_column][\/et_pb_row][\/et_pb_section]<\/p>\n","protected":false},"excerpt":{"rendered":"<p>Import de lajuda Ajuda m\u00e0xima 2.000\u20ac Lloc Web i Pres\u00e8ncia b\u00e0sica a Internet &nbsp; &nbsp; L&#8217;objectiu principal d&#8217;aquesta categoria \u00e9s que puguis tenir una p\u00e0gina web per donar-te visibilitat a internet. Funcionalitats i serveis Domini: en cas que encara no disposeu d&#8217;un domini de la vostra web, se&#8217;n donar\u00e0 un durant un termini m\u00ednim de [&hellip;]<\/p>\n","protected":false},"author":2,"featured_media":0,"parent":593,"menu_order":0,"comment_status":"open","ping_status":"open","template":"","meta":{"_et_pb_use_builder":"on","_et_pb_old_content":"","_et_gb_content_width":"","footnotes":""},"class_list":["post-585","page","type-page","status-publish","hentry"],"_links":{"self":[{"href":"https:\/\/mirulu.com\/ca\/wp-json\/wp\/v2\/pages\/585","targetHints":{"allow":["GET"]}}],"collection":[{"href":"https:\/\/mirulu.com\/ca\/wp-json\/wp\/v2\/pages"}],"about":[{"href":"https:\/\/mirulu.com\/ca\/wp-json\/wp\/v2\/types\/page"}],"author":[{"embeddable":true,"href":"https:\/\/mirulu.com\/ca\/wp-json\/wp\/v2\/users\/2"}],"replies":[{"embeddable":true,"href":"https:\/\/mirulu.com\/ca\/wp-json\/wp\/v2\/comments?post=585"}],"version-history":[{"count":1,"href":"https:\/\/mirulu.com\/ca\/wp-json\/wp\/v2\/pages\/585\/revisions"}],"predecessor-version":[{"id":588,"href":"https:\/\/mirulu.com\/ca\/wp-json\/wp\/v2\/pages\/585\/revisions\/588"}],"up":[{"embeddable":true,"href":"https:\/\/mirulu.com\/ca\/wp-json\/wp\/v2\/pages\/593"}],"wp:attachment":[{"href":"https:\/\/mirulu.com\/ca\/wp-json\/wp\/v2\/media?parent=585"}],"curies":[{"name":"wp","href":"https:\/\/api.w.org\/{rel}","templated":true}]}}